{"id":6,"date":"2016-05-17T20:05:35","date_gmt":"2016-05-17T19:05:35","guid":{"rendered":"https:\/\/www.petel-demenagement.fr\/?page_id=6"},"modified":"2022-04-21T14:07:04","modified_gmt":"2022-04-21T13:07:04","slug":"demenageur","status":"publish","type":"page","link":"https:\/\/www.petel-demenagement.fr\/","title":{"rendered":"Demenageur"},"content":{"rendered":"<h2>Le d\u00e9m\u00e9nagement est un projet qu\u2019il ne faut pas prendre \u00e0 la l\u00e9g\u00e8re.<\/h2>\n<p>Pour bien l\u2019accomplir il est conseill\u00e9 de faire un devis que certaines entreprises de d\u00e9m\u00e9nagement l\u2019accordent souvent gratuits. Mais qu\u2019est-ce qui pousse les gens \u00e0 d\u00e9m\u00e9nager ?<\/p>\n<p>Plusieurs sont les raisons qui obligent \u00e0 conduire \u00e0 cette d\u00e9cision. En premier lieu, l\u2019arriv\u00e9e d\u2019un nouveau membre dans la famille, la multiplication, la croissance de celle-ci le force \u00e0 chercher un nouveau demeur\u00e9. Par exemple la naissance d\u2019un b\u00e9b\u00e9, l\u2019accueil in\u00e9vitable des proches, de son oncle, de ses grands-parents sont des choses qui conduisent au <a href=\"https:\/\/demenageur.com\/devis-demenagement\/\">d\u00e9m\u00e9nagement<\/a>. En suite de \u00e7a, la pr\u00e9sence des petites difficult\u00e9s m\u00e9nag\u00e8res que souvent la m\u00e8re de famille aper\u00e7oit sont aussi des trucs qu\u2019il ne faut pas n\u00e9gliger, comme les toits qui fuites, les murs souvent humides \u00e0 la saison des pluies. Sans oublier aussi le probl\u00e8me du paiement du loyer que certains locataires n\u2019arrivent plus \u00e0 supporter. L\u2019\u00e9tat du lieu qu\u2019on habite est l\u2019une des causes les plus fr\u00e9quentes chez les gens qui d\u00e9cident de d\u00e9m\u00e9nager. En claire, le vieillissement des murs, la forme de la maison qui n\u2019est plus \u00e0 la mode. Mais l\u2019envie de partir pour la recherche d\u2019une nouvelle vie, rencontrez des nouvelles gens, d\u2019un tout autre style de vie poussent les gens \u00e0 d\u00e9m\u00e9nager.<\/p>\n<h2>Comment bien entreprendre son d\u00e9m\u00e9nagement ?<\/h2>\n<p>Pour r\u00e9pondre \u00e0 cette question, beaucoup de conseils et d\u00e9marche sont propos\u00e9s. Mais tout d\u2019abord on a le choix entre : faire son d\u00e9m\u00e9nagement tout seul ou faire appel aux services des d\u00e9m\u00e9nageurs. Si vous choisissez la premi\u00e8re option c\u2019est-\u00e0-dire que vous d\u00e9cidez de faire votre d\u00e9m\u00e9nagement tout seul, il est probable que beaucoup sont les t\u00e2ches qui vous attendent. D\u2019abord, vous allez choisir votre carton vous-m\u00eame, en autre, bien choisir le bon carton pour prot\u00e9ger vos biens qui sont \u00e0 l\u2019int\u00e9rieure. Ensuite c\u2019est vous qui faites les d\u00e9sinstallations que ce soit \u00e9lectrique, les ampoules, les c\u00e2bles. L\u2019inventaire de vos produits est aussi une affaire d\u00e9licate qui vous attend pour que ses derniers soient bien accompagn\u00e9s. Comme on l\u2019a mentionn\u00e9 au d\u00e9but le d\u00e9m\u00e9nagement n\u00e9cessite un devis et ceci doit de faire dans la pr\u00e9cision totale \u00e0 fin d\u2019\u00e9viter les erreurs et le surplus de d\u00e9penses. En, claire, vous devez v\u00e9rifier les prix des produits n\u00e9cessaires comme les cartons de d\u00e9m\u00e9nagement \u00a0, les frais de transport et beaucoup d\u2019autres choses. Bref, bien accomplir son d\u00e9m\u00e9nagement tout seul s\u2019av\u00e8re un peu difficile c\u2019est pour cela que beaucoup de personnes fait recours aux entreprises de d\u00e9m\u00e9nagement . Si vous optez pour cette d\u00e9cision, vous verrez que votre d\u00e9m\u00e9nagement n\u2019aurait pas beaucoup de difficult\u00e9. Car en premier lieu, les professionnels de d\u00e9m\u00e9nagement vous facilitera vos t\u00e2ches dans l\u2019ex\u00e9cution du projet .les d\u00e9m\u00e9nageurs feront une visite technique chez vous pour \u00e9loigner tous les cas de confusion lors du grand jour. Dans cette visite, l\u2019entreprise de d\u00e9m\u00e9nagement v\u00e9rifie que votre habitat est accessible aux engins de transports comme les camions. Ils surveillent aussi les \u00e9tages de votre appartement, les alentours de la rue pour les stationnements, calculer le parcourt entre votre maison et le camion porteur. Dans ce m\u00eame cadre, pour mieux entreprendre votre d\u00e9part, les entreprises de d\u00e9m\u00e9nagement mettent a votre disposition un commercial qui fera un bilan pr\u00e9cis de vos affaires surtout l\u2019\u00e9quipement que vous d\u00e9m\u00e9nagez, cela est n\u00e9cessaire pour ne pas se tromper au nombre des cartons. Les professionnels du d\u00e9m\u00e9nagement vous aide aussi dans votre devis d\u2019ailleurs ils le font gratuitement puis que c\u2019est conseill\u00e9. Dans cela il vous remet les comptes et l\u2019itin\u00e9raire de vos argents. Il vous met en claire les suppl\u00e9ments si vous demeure dans une difficult\u00e9 ou au troisi\u00e8me \u00e9tage. Ses certifications, mais aussi le d\u00e9lai de votre d\u00e9m\u00e9nagement. \u00c0 la fin c\u2019est tout qu\u2019il vous faut pour un d\u00e9m\u00e9nagement bien accompli.<\/p>\n<h2>En quelle p\u00e9riode de l\u2019ann\u00e9e doit-on d\u00e9m\u00e9nager ?<\/h2>\n<p>Pour assurer que notre vie d\u2019avant prend son cours normal apr\u00e8s notre d\u00e9m\u00e9nagement, il mieux de d\u00e9m\u00e9nager lors de la vacance d\u2019\u00e9t\u00e9. En plus vos enfants enfin si vous en avez pourrez commencer ses \u00e9tudes tranquillement lors de la rentr\u00e9e scolaire. Il est aussi pr\u00e9f\u00e9rable de d\u00e9m\u00e9nager qu\u2019apr\u00e8s les f\u00eates de l\u2019ann\u00e9e, les f\u00eates familiales. Concernant le climat, \u00e9vitez de partir l\u2019hiver pour ne pas que votre bien et affaire soient d\u00e9truit ou endommag\u00e9 par les gr\u00eales et neiges.<\/p>\n","protected":false},"excerpt":{"rendered":"<p>Le d\u00e9m\u00e9nagement est un projet qu\u2019il ne faut pas prendre \u00e0 la l\u00e9g\u00e8re. Pour bien l\u2019accomplir il est conseill\u00e9 de faire un devis que certaines entreprises de d\u00e9m\u00e9nagement l\u2019accordent souvent gratuits. Mais qu\u2019est-ce qui pousse les gens \u00e0 d\u00e9m\u00e9nager ? Plusieurs sont les raisons qui obligent \u00e0 conduire \u00e0 cette d\u00e9cision. En premier lieu, l\u2019arriv\u00e9e &hellip; <a href=\"https:\/\/www.petel-demenagement.fr\/\" class=\"more-link\">Continuer la lecture de <span class=\"screen-reader-text\">Demenageur<\/span> <span class=\"meta-nav\">&rarr;<\/span><\/a><\/p>\n","protected":false},"author":1,"featured_media":0,"parent":0,"menu_order":0,"comment_status":"closed","ping_status":"closed","template":"","meta":{"_seopress_robots_primary_cat":"","_seopress_titles_title":"","_seopress_titles_desc":"","_seopress_robots_index":"","footnotes":""},"class_list":["post-6","page","type-page","status-publish","hentry"],"_links":{"self":[{"href":"https:\/\/www.petel-demenagement.fr\/index.php\/wp-json\/wp\/v2\/pages\/6","targetHints":{"allow":["GET"]}}],"collection":[{"href":"https:\/\/www.petel-demenagement.fr\/index.php\/wp-json\/wp\/v2\/pages"}],"about":[{"href":"https:\/\/www.petel-demenagement.fr\/index.php\/wp-json\/wp\/v2\/types\/page"}],"author":[{"embeddable":true,"href":"https:\/\/www.petel-demenagement.fr\/index.php\/wp-json\/wp\/v2\/users\/1"}],"replies":[{"embeddable":true,"href":"https:\/\/www.petel-demenagement.fr\/index.php\/wp-json\/wp\/v2\/comments?post=6"}],"version-history":[{"count":5,"href":"https:\/\/www.petel-demenagement.fr\/index.php\/wp-json\/wp\/v2\/pages\/6\/revisions"}],"predecessor-version":[{"id":15,"href":"https:\/\/www.petel-demenagement.fr\/index.php\/wp-json\/wp\/v2\/pages\/6\/revisions\/15"}],"wp:attachment":[{"href":"https:\/\/www.petel-demenagement.fr\/index.php\/wp-json\/wp\/v2\/media?parent=6"}],"curies":[{"name":"wp","href":"https:\/\/api.w.org\/{rel}","templated":true}]}}